{"id":2,"date":"2016-05-10T03:48:21","date_gmt":"2016-05-10T03:48:21","guid":{"rendered":"http:\/\/tiefbau-johler.de\/?page_id=2"},"modified":"2026-02-06T10:43:57","modified_gmt":"2026-02-06T10:43:57","slug":"sample-page","status":"publish","type":"page","link":"https:\/\/tiefbau-johler.de\/","title":{"rendered":"Tiefbau, Stra\u00dfenbau, Pflasterarbeiten, Au\u00dfenanlagen, Steinmauern, Kanalarbeiten und mehr im Raum Lindau am Bodensee und dem Allg\u00e4u."},"content":{"rendered":"\t\t<div data-elementor-type=\"wp-post\" data-elementor-id=\"2\" class=\"elementor elementor-2\">\n\t\t\t\t\t\t<section class=\"elementor-section elementor-top-section elementor-element elementor-element-38769255 elementor-section-boxed elementor-section-height-default elementor-section-height-default\" data-id=\"38769255\" data-element_type=\"section\" data-e-type=\"section\">\n\t\t\t\t\t\t<div class=\"elementor-container elementor-column-gap-default\">\n\t\t\t\t\t<div class=\"elementor-column elementor-col-100 elementor-top-column elementor-element elementor-element-12ca9e9d\" data-id=\"12ca9e9d\" data-element_type=\"column\" data-e-type=\"column\">\n\t\t\t<div class=\"elementor-widget-wrap elementor-element-populated\">\n\t\t\t\t\t\t<div class=\"elementor-element elementor-element-1c5b5a19 elementor-widget elementor-widget-text-editor\" data-id=\"1c5b5a19\" data-element_type=\"widget\" data-e-type=\"widget\" data-widget_type=\"text-editor.default\">\n\t\t\t\t<div class=\"elementor-widget-container\">\n\t\t\t\t\t\t\t\t\t<h1>\u00dcber uns<\/h1><p>Wir sind Tiefbau Johler.<\/p><p>Wir sind der Spezialist f\u00fcr Tief- und Stra\u00dfenbau, Kanalarbeiten, Steinmauern, Kranarbeiten, Au\u00dfenanlagen und Pflasterarbeiten mit Hauptstandort in Sigmarszell, zwischen Lindau am Bodensee und dem Allg\u00e4u.<\/p><p><img fetchpriority=\"high\" decoding=\"async\" src=\"http:\/\/tiefbau-johler.de\/wp-content\/uploads\/2018\/10\/WebseiteIcon600x600-1-350x350.png\" sizes=\"(max-width: 350px) 100vw, 350px\" srcset=\"https:\/\/tiefbau-johler.de\/wp-content\/uploads\/2018\/10\/WebseiteIcon600x600-1-350x350.png 350w, https:\/\/tiefbau-johler.de\/wp-content\/uploads\/2018\/10\/WebseiteIcon600x600-1-150x150.png 150w, https:\/\/tiefbau-johler.de\/wp-content\/uploads\/2018\/10\/WebseiteIcon600x600-1-300x300.png 300w, https:\/\/tiefbau-johler.de\/wp-content\/uploads\/2018\/10\/WebseiteIcon600x600-1-768x768.png 768w, https:\/\/tiefbau-johler.de\/wp-content\/uploads\/2018\/10\/WebseiteIcon600x600-1-1024x1024.png 1024w, https:\/\/tiefbau-johler.de\/wp-content\/uploads\/2018\/10\/WebseiteIcon600x600-1-830x830.png 830w, https:\/\/tiefbau-johler.de\/wp-content\/uploads\/2018\/10\/WebseiteIcon600x600-1-230x230.png 230w, https:\/\/tiefbau-johler.de\/wp-content\/uploads\/2018\/10\/WebseiteIcon600x600-1-480x480.png 480w, https:\/\/tiefbau-johler.de\/wp-content\/uploads\/2018\/10\/WebseiteIcon600x600-1.png 1667w\" alt=\"\" width=\"350\" height=\"350\" \/><\/p><h2>F\u00fcr diese Werte stehen wir ein<\/h2><p style=\"text-align: center;\">Denn einen guten Job zu machen, reicht uns nicht.<\/p><h3>Qualit\u00e4t<\/h3><p>Dank einem sehr guten Team, hohem Fachwissen und der richtigen Einstellung bei der Sache.<\/p><h3>Bodenst\u00e4ndigkeit<\/h3><p>Wir arbeiten auf Augenh\u00f6he, sehen uns als Lieferanten und m\u00f6chten das beste f\u00fcr unsere Kunden herausholen.<\/p><h3>Ehrlichkeit<\/h3><p>Offene, ehrliche Kommunikation ist das A und O f\u00fcr langfristige und \u00fcberdurchschnittlich gute Arbeit. Darauf bauen wir.<\/p><h1>Leistungen<\/h1><p style=\"text-align: center;\">Diese und weitere Leistungen bieten wir unseren Kunden im Raum Allg\u00e4u-Bodensee und im 3-L\u00e4nder-Eck an.<br \/>Rufen Sie uns einfach an, wir sind f\u00fcr unsere Alles-ist-m\u00f6glich-L\u00f6sungen bekannt.<\/p><figure><img decoding=\"async\" src=\"http:\/\/tiefbau-johler.de\/wp-content\/uploads\/2023\/01\/FDRR2379-225x300.jpg\" alt=\"\" width=\"225\" height=\"300\" \/><\/figure><h3>Tiefbau<\/h3><figure><img decoding=\"async\" src=\"http:\/\/tiefbau-johler.de\/wp-content\/uploads\/2023\/01\/YCJX1283-300x225.jpg\" alt=\"\" width=\"300\" height=\"225\" \/><\/figure><h3>Stra\u00dfenbau<\/h3><figure><img loading=\"lazy\" decoding=\"async\" src=\"http:\/\/tiefbau-johler.de\/wp-content\/uploads\/2023\/01\/DUYF9890-225x300.jpg\" alt=\"\" width=\"225\" height=\"300\" \/><\/figure><h3>Kanalarbeiten<\/h3><figure><img loading=\"lazy\" decoding=\"async\" src=\"http:\/\/tiefbau-johler.de\/wp-content\/uploads\/2023\/01\/BMFY0122-300x225.jpg\" alt=\"\" width=\"300\" height=\"225\" \/><\/figure><h3>Pflasterarbeiten<\/h3><figure><img loading=\"lazy\" decoding=\"async\" src=\"http:\/\/tiefbau-johler.de\/wp-content\/uploads\/2023\/01\/JRHV4261-225x300.jpg\" alt=\"\" width=\"225\" height=\"300\" \/><\/figure><h3>Au\u00dfenanlagen<\/h3><figure><img loading=\"lazy\" decoding=\"async\" src=\"http:\/\/tiefbau-johler.de\/wp-content\/uploads\/2023\/01\/MTYE7641-300x225.jpg\" alt=\"\" width=\"300\" height=\"225\" \/><\/figure><h3>Steinmauern<\/h3><figure><img loading=\"lazy\" decoding=\"async\" src=\"http:\/\/tiefbau-johler.de\/wp-content\/uploads\/2023\/01\/20221228_144918_resized-300x169.jpg\" alt=\"\" width=\"300\" height=\"169\" \/><\/figure><h3>Kranarbeiten<\/h3><figure><img loading=\"lazy\" decoding=\"async\" src=\"http:\/\/tiefbau-johler.de\/wp-content\/uploads\/2023\/01\/IMG_6241-300x225.jpg\" alt=\"\" width=\"300\" height=\"225\" \/><\/figure><h3>Baggerarbeiten<\/h3><figure><img decoding=\"async\" src=\"http:\/\/tiefbau-johler.de\/wp-content\/uploads\/2018\/10\/PHOTO-2018-10-24-23-56-39-1-550x400.jpg\" alt=\"TiefbauJohlerArbeitenGalerie2\" \/><\/figure><figure><img decoding=\"async\" src=\"http:\/\/tiefbau-johler.de\/wp-content\/uploads\/2023\/01\/OCUF0776-550x400.jpg\" alt=\"OCUF0776\" \/><\/figure><figure><img decoding=\"async\" src=\"http:\/\/tiefbau-johler.de\/wp-content\/uploads\/2018\/10\/PHOTO-2018-10-24-23-56-42-550x400.jpg\" alt=\"TiefbauJohlerArbeitenGalerie7\" \/><\/figure><figure><img decoding=\"async\" src=\"http:\/\/tiefbau-johler.de\/wp-content\/uploads\/2018\/10\/PHOTO-2018-10-24-23-56-35-550x400.jpg\" alt=\"TiefbauJohlerArbeitenGalerie14\" \/><\/figure><figure><img decoding=\"async\" src=\"http:\/\/tiefbau-johler.de\/wp-content\/uploads\/2023\/01\/20221228_144735_resized-1-550x400.jpg\" alt=\"20221228_144735_resized\" \/><\/figure><figure><img decoding=\"async\" src=\"http:\/\/tiefbau-johler.de\/wp-content\/uploads\/2023\/01\/VEFG5222-550x400.jpg\" alt=\"VEFG5222\" \/><\/figure><figure><img decoding=\"async\" src=\"http:\/\/tiefbau-johler.de\/wp-content\/uploads\/2023\/01\/ASPF0563-550x400.jpg\" alt=\"ASPF0563\" \/><\/figure><figure><img decoding=\"async\" src=\"http:\/\/tiefbau-johler.de\/wp-content\/uploads\/2023\/01\/UCKI6200-550x400.jpg\" alt=\"UCKI6200\" \/><\/figure><figure><img decoding=\"async\" src=\"http:\/\/tiefbau-johler.de\/wp-content\/uploads\/2023\/01\/RTTA9875-550x400.jpg\" alt=\"RTTA9875\" \/><\/figure><figure><img decoding=\"async\" src=\"http:\/\/tiefbau-johler.de\/wp-content\/uploads\/2023\/01\/DBAJ1703-550x400.jpg\" alt=\"DBAJ1703\" \/><\/figure><figure><img decoding=\"async\" src=\"http:\/\/tiefbau-johler.de\/wp-content\/uploads\/2023\/01\/P6210044.jpg\" alt=\"P6210044\" \/><\/figure><figure><img decoding=\"async\" src=\"http:\/\/tiefbau-johler.de\/wp-content\/uploads\/2023\/01\/NWWP4273-550x400.jpg\" alt=\"NWWP4273\" \/><\/figure><figure><img decoding=\"async\" src=\"http:\/\/tiefbau-johler.de\/wp-content\/uploads\/2023\/01\/IFAX4259-550x400.jpg\" alt=\"IFAX4259\" \/><\/figure><figure><img decoding=\"async\" src=\"http:\/\/tiefbau-johler.de\/wp-content\/uploads\/2023\/01\/IMG_8071-550x400.jpg\" alt=\"IMG_8071\" \/><\/figure><figure><img decoding=\"async\" src=\"http:\/\/tiefbau-johler.de\/wp-content\/uploads\/2023\/01\/IMG_5818-550x400.jpg\" alt=\"IMG_5818\" \/><\/figure><figure><img decoding=\"async\" src=\"http:\/\/tiefbau-johler.de\/wp-content\/uploads\/2023\/01\/IMG_5811-550x400.jpg\" alt=\"IMG_5811\" \/><\/figure><figure><img decoding=\"async\" src=\"http:\/\/tiefbau-johler.de\/wp-content\/uploads\/2023\/01\/IMG_7434-550x400.jpg\" alt=\"IMG_7434\" \/><\/figure><figure><img decoding=\"async\" src=\"http:\/\/tiefbau-johler.de\/wp-content\/uploads\/2023\/01\/IMG_7436-550x400.jpg\" alt=\"IMG_7436\" \/><\/figure><figure><img decoding=\"async\" src=\"http:\/\/tiefbau-johler.de\/wp-content\/uploads\/2023\/01\/IMG_6782-550x400.jpg\" alt=\"IMG_6782\" \/><\/figure><figure><img decoding=\"async\" src=\"http:\/\/tiefbau-johler.de\/wp-content\/uploads\/2023\/01\/IRRV5064-550x400.jpg\" alt=\"IRRV5064\" \/><\/figure><figure><img decoding=\"async\" src=\"http:\/\/tiefbau-johler.de\/wp-content\/uploads\/2023\/01\/IMG_7136-550x400.jpg\" alt=\"IMG_7136\" \/><\/figure><figure><img decoding=\"async\" src=\"http:\/\/tiefbau-johler.de\/wp-content\/uploads\/2023\/01\/KXDX0512-550x400.jpg\" alt=\"KXDX0512\" \/><\/figure><figure><img decoding=\"async\" src=\"http:\/\/tiefbau-johler.de\/wp-content\/uploads\/2023\/01\/IWGG0651-550x400.jpg\" alt=\"IWGG0651\" \/><\/figure><figure><img decoding=\"async\" src=\"http:\/\/tiefbau-johler.de\/wp-content\/uploads\/2023\/01\/IMG_5881-550x400.jpg\" alt=\"IMG_5881\" \/><\/figure><figure><img decoding=\"async\" src=\"http:\/\/tiefbau-johler.de\/wp-content\/uploads\/2023\/01\/QLHW3589-550x400.jpg\" alt=\"QLHW3589\" \/><\/figure><figure><img decoding=\"async\" src=\"http:\/\/tiefbau-johler.de\/wp-content\/uploads\/2023\/01\/CSRL9085-550x400.jpg\" alt=\"CSRL9085\" \/><\/figure><figure><img decoding=\"async\" src=\"http:\/\/tiefbau-johler.de\/wp-content\/uploads\/2023\/01\/20221228_142045_resized-1-550x400.jpg\" alt=\"20221228_142045_resized\" \/><\/figure><figure><img decoding=\"async\" src=\"http:\/\/tiefbau-johler.de\/wp-content\/uploads\/2023\/01\/20221228_142023_resized-1-550x400.jpg\" alt=\"20221228_142023_resized\" \/><\/figure><figure><img decoding=\"async\" src=\"http:\/\/tiefbau-johler.de\/wp-content\/uploads\/2023\/01\/XHZE6617-550x400.jpg\" alt=\"XHZE6617\" \/><\/figure><p>Zur\u00fcck<br \/>Weiter<\/p><h1>Kunden<\/h1><p>Privatkunden<br \/>alle Leistungen<br \/>Gewerbliche Kunden<br \/>alle Leistungen<br \/>\u00d6ffentliche Kunden und Beh\u00f6rden<br \/>alle Leistungen<\/p><p>Unser Betrieb ist in der Handwerksrolle in Augsburg eingetragen, somit k\u00f6nnen alle anfallenden Arbeiten auch im \u00f6ffentlichen Verkehrsraum ausgef\u00fchrt werden.<\/p><h5>Kunden &amp; Partner<\/h5><p style=\"text-align: center;\">Gemeinsam mit unseren Kunden und Partnern gehen wird auf Augenh\u00f6he und professionell in jedes Projekt.<\/p><figure><img decoding=\"async\" src=\"http:\/\/tiefbau-johler.de\/wp-content\/uploads\/elementor\/thumbs\/LRA-logo-o0bs3c0kgu7792cda763bx79ng388ttg3xydq08gzk.jpg\" alt=\"Landratsamt Bodenseekreis Partner Tiefbau Johler\" \/><\/figure><figure><img decoding=\"async\" src=\"http:\/\/tiefbau-johler.de\/wp-content\/uploads\/elementor\/thumbs\/1445591688-o0bs30qi6trrdqsr42aki01qitmtogko2e4jyop728.jpg\" alt=\"Baubetrieb Schlachters Tiefbau Johler\" \/><\/figure><p>Zur\u00fcck<br \/>Weiter<\/p><h1>Zahlen &amp; Fakten<\/h1><p>9<br \/>Mitarbeiter<br \/>8<br \/>Betriebseigene Bagger<br \/>2016<br \/>gegr\u00fcndet<br \/>100<br \/>%<br \/>Einsatz auf jeder Baustelle<\/p><figure><img loading=\"lazy\" decoding=\"async\" src=\"http:\/\/tiefbau-johler.de\/wp-content\/uploads\/2018\/10\/idea.png\" alt=\"\" width=\"128\" height=\"128\" \/><\/figure><h3>Sebastian Johler und Daniel Henke<\/h3><div>\u00a0<\/div><p>\u00a0<\/p><h1>Kontakt<\/h1><div><h3>Tiefbau Johler GmbH &amp; Co.KG<\/h3><\/div><h3>Oeschweg 13, Sigmarszell<\/h3><h3>+49 (0)8389 8069<\/h3><h3>info@tiefbau-johler.de<\/h3><h3>Wir freuen uns, von Ihnen zu lesen!<\/h3>\n<div class=\"wpcf7 no-js\" id=\"wpcf7-f130-o1\" lang=\"de-DE\" dir=\"ltr\" data-wpcf7-id=\"130\">\n<div class=\"screen-reader-response\"><p role=\"status\" aria-live=\"polite\" aria-atomic=\"true\"><\/p> <ul><\/ul><\/div>\n<form action=\"\/index.php?rest_route=%2Fwp%2Fv2%2Fpages%2F2#wpcf7-f130-o1\" method=\"post\" class=\"wpcf7-form init\" aria-label=\"Kontaktformular\" novalidate=\"novalidate\" data-status=\"init\">\n<fieldset class=\"hidden-fields-container\"><input type=\"hidden\" name=\"_wpcf7\" value=\"130\" \/><input type=\"hidden\" name=\"_wpcf7_version\" value=\"6.1.5\" \/><input type=\"hidden\" name=\"_wpcf7_locale\" value=\"de_DE\" \/><input type=\"hidden\" name=\"_wpcf7_unit_tag\" value=\"wpcf7-f130-o1\" \/><input type=\"hidden\" name=\"_wpcf7_container_post\" value=\"0\" \/><input type=\"hidden\" name=\"_wpcf7_posted_data_hash\" value=\"\" \/><input type=\"hidden\" name=\"_wpcf7_recaptcha_response\" value=\"\" \/>\n<\/fieldset>\n<p><label> Ihr Name (Pflichtfeld)<br \/>\n<span class=\"wpcf7-form-control-wrap\" data-name=\"your-name\"><input size=\"40\" maxlength=\"400\" class=\"wpcf7-form-control wpcf7-text wpcf7-validates-as-required\" aria-required=\"true\" aria-invalid=\"false\" value=\"\" type=\"text\" name=\"your-name\" \/><\/span> <\/label>\n<\/p>\n<p><label> Ihre E-Mail-Adresse (Pflichtfeld)<br \/>\n<span class=\"wpcf7-form-control-wrap\" data-name=\"your-email\"><input size=\"40\" maxlength=\"400\" class=\"wpcf7-form-control wpcf7-email wpcf7-validates-as-required wpcf7-text wpcf7-validates-as-email\" aria-required=\"true\" aria-invalid=\"false\" value=\"\" type=\"email\" name=\"your-email\" \/><\/span> <\/label>\n<\/p>\n<p><label> Betreff<br \/>\n<span class=\"wpcf7-form-control-wrap\" data-name=\"your-subject\"><input size=\"40\" maxlength=\"400\" class=\"wpcf7-form-control wpcf7-text\" aria-invalid=\"false\" value=\"\" type=\"text\" name=\"your-subject\" \/><\/span> <\/label>\n<\/p>\n<p><label> Ihre Nachricht<br \/>\n<span class=\"wpcf7-form-control-wrap\" data-name=\"your-message\"><textarea cols=\"40\" rows=\"10\" maxlength=\"2000\" class=\"wpcf7-form-control wpcf7-textarea\" aria-invalid=\"false\" name=\"your-message\"><\/textarea><\/span> <\/label>\n<\/p>\n\n<p><input class=\"wpcf7-form-control wpcf7-submit has-spinner\" type=\"submit\" value=\"Senden\" \/>\n<\/p><div class=\"wpcf7-response-output\" aria-hidden=\"true\"><\/div>\n<\/form>\n<\/div>\n<p style=\"text-align: left;\">Wir von Tiefbau Johler aus Sigmarszell sind der Spezialist f\u00fcr Stra\u00dfenbau, Kanalarbeiten, Au\u00dfenanlagen, Pflasterarbeiten, Steinmauern, Kranarbeiten und Baggerarbeiten.<\/p><p style=\"text-align: left;\">In Lindau, dem Bodenseekreis, im Allg\u00e4u und in den umliegenden Orten Sigmarszell, Wei\u00dfensberg, Lindenberg, Wangen, Hergensweiler, Achberg, Niederstaufen, Weiler, Wasserburg und Umgebung sind wir t\u00e4tig.<\/p>\t\t\t\t\t\t\t\t<\/div>\n\t\t\t\t<\/div>\n\t\t\t\t\t<\/div>\n\t\t<\/div>\n\t\t\t\t\t<\/div>\n\t\t<\/section>\n\t\t\t\t<\/div>\n\t\t","protected":false},"excerpt":{"rendered":"<p>\u00dcber uns Wir sind Tiefbau Johler. Wir sind der Spezialist f\u00fcr Tief- und Stra\u00dfenbau, Kanalarbeiten, Steinmauern, Kranarbeiten, Au\u00dfenanlagen und Pflasterarbeiten mit Hauptstandort [&hellip;]<\/p>\n","protected":false},"author":1,"featured_media":0,"parent":0,"menu_order":0,"comment_status":"closed","ping_status":"closed","template":"","meta":{"footnotes":""},"class_list":["post-2","page","type-page","status-publish","hentry"],"_links":{"self":[{"href":"https:\/\/tiefbau-johler.de\/index.php?rest_route=\/wp\/v2\/pages\/2","targetHints":{"allow":["GET"]}}],"collection":[{"href":"https:\/\/tiefbau-johler.de\/index.php?rest_route=\/wp\/v2\/pages"}],"about":[{"href":"https:\/\/tiefbau-johler.de\/index.php?rest_route=\/wp\/v2\/types\/page"}],"author":[{"embeddable":true,"href":"https:\/\/tiefbau-johler.de\/index.php?rest_route=\/wp\/v2\/users\/1"}],"replies":[{"embeddable":true,"href":"https:\/\/tiefbau-johler.de\/index.php?rest_route=%2Fwp%2Fv2%2Fcomments&post=2"}],"version-history":[{"count":93,"href":"https:\/\/tiefbau-johler.de\/index.php?rest_route=\/wp\/v2\/pages\/2\/revisions"}],"predecessor-version":[{"id":337,"href":"https:\/\/tiefbau-johler.de\/index.php?rest_route=\/wp\/v2\/pages\/2\/revisions\/337"}],"wp:attachment":[{"href":"https:\/\/tiefbau-johler.de\/index.php?rest_route=%2Fwp%2Fv2%2Fmedia&parent=2"}],"curies":[{"name":"wp","href":"https:\/\/api.w.org\/{rel}","templated":true}]}}